{"id":63,"date":"2021-11-30T12:30:37","date_gmt":"2021-11-30T11:30:37","guid":{"rendered":"https:\/\/credit-cgi.wrp-rec.cgifinance.fr\/bateau\/?post_type=product&#038;p=63"},"modified":"2023-06-22T14:13:25","modified_gmt":"2023-06-22T12:13:25","slug":"credit","status":"publish","type":"product","link":"https:\/\/credit-cgi.wrp-rec.cgifinance.fr\/bateau\/fr\/produits\/credit\/","title":{"rendered":"Cr\u00e9dit bateau"},"content":{"rendered":"<div class=\"yoast-breadcrumbs\"><span><span><a href=\"https:\/\/credit-cgi.wrp-rec.cgifinance.fr\/bateau\/fr\/\">CGI Finance Bateau<\/a><\/span> &gt; <span><a href=\"https:\/\/credit-cgi.wrp-rec.cgifinance.fr\/bateau\/produits\/\">Produits<\/a><\/span> &gt; <span class=\"breadcrumb_last\" aria-current=\"page\"><strong>Cr\u00e9dit bateau<\/strong><\/span><\/span><\/div>\n\n","protected":false},"template":"model-page-1.php","product_cat":[],"class_list":["post-63","product","type-product","status-publish","hentry"],"acf":[],"yoast_head":"<!-- This site is optimized with the Yoast SEO plugin v26.9 - https:\/\/yoast.com\/product\/yoast-seo-wordpress\/ -->\n<title>Cr\u00e9dit bateau : Le pr\u00eat et financement pour votre bateau de plaisance<\/title>\n<meta name=\"description\" content=\"D\u00e9couvrez comment obtenir un cr\u00e9dit bateau adapt\u00e9 \u00e0 l&#039;achat de votre bateau de plaisance. Trouvez les meilleures options de financement pour r\u00e9aliser votre r\u00eave en mer\" \/>\n<meta name=\"robots\" content=\"noindex, follow\" \/>\n<meta property=\"og:locale\" content=\"fr_FR\" \/>\n<meta property=\"og:type\" content=\"article\" \/>\n<meta property=\"og:title\" content=\"Cr\u00e9dit bateau : Le pr\u00eat et financement pour votre bateau de plaisance\" \/>\n<meta property=\"og:description\" content=\"D\u00e9couvrez comment obtenir un cr\u00e9dit bateau adapt\u00e9 \u00e0 l&#039;achat de votre bateau de plaisance. Trouvez les meilleures options de financement pour r\u00e9aliser votre r\u00eave en mer\" \/>\n<meta property=\"og:url\" content=\"https:\/\/credit-cgi.wrp-rec.cgifinance.fr\/bateau\/fr\/produits\/credit\/\" \/>\n<meta property=\"og:site_name\" content=\"CGI Finance - Bateau\" \/>\n<meta property=\"article:modified_time\" content=\"2023-06-22T12:13:25+00:00\" \/>\n<meta name=\"twitter:card\" content=\"summary_large_image\" \/>\n<script type=\"application\/ld+json\" class=\"yoast-schema-graph\">{\"@context\":\"https:\/\/schema.org\",\"@graph\":[{\"@type\":\"WebPage\",\"@id\":\"https:\/\/credit-cgi.wrp-rec.cgifinance.fr\/bateau\/fr\/produits\/credit\/\",\"url\":\"https:\/\/credit-cgi.wrp-rec.cgifinance.fr\/bateau\/fr\/produits\/credit\/\",\"name\":\"Cr\u00e9dit bateau : Le pr\u00eat et financement pour votre bateau de plaisance\",\"isPartOf\":{\"@id\":\"https:\/\/credit-cgi.wrp-rec.cgifinance.fr\/bateau\/#website\"},\"datePublished\":\"2021-11-30T11:30:37+00:00\",\"dateModified\":\"2023-06-22T12:13:25+00:00\",\"description\":\"D\u00e9couvrez comment obtenir un cr\u00e9dit bateau adapt\u00e9 \u00e0 l'achat de votre bateau de plaisance. Trouvez les meilleures options de financement pour r\u00e9aliser votre r\u00eave en mer\",\"breadcrumb\":{\"@id\":\"https:\/\/credit-cgi.wrp-rec.cgifinance.fr\/bateau\/fr\/produits\/credit\/#breadcrumb\"},\"inLanguage\":\"fr-FR\",\"potentialAction\":[{\"@type\":\"ReadAction\",\"target\":[\"https:\/\/credit-cgi.wrp-rec.cgifinance.fr\/bateau\/fr\/produits\/credit\/\"]}]},{\"@type\":\"BreadcrumbList\",\"@id\":\"https:\/\/credit-cgi.wrp-rec.cgifinance.fr\/bateau\/fr\/produits\/credit\/#breadcrumb\",\"itemListElement\":[{\"@type\":\"ListItem\",\"position\":1,\"name\":\"CGI Finance Bateau\",\"item\":\"https:\/\/credit-cgi.wrp-rec.cgifinance.fr\/bateau\/fr\/\"},{\"@type\":\"ListItem\",\"position\":2,\"name\":\"Produits\",\"item\":\"https:\/\/credit-cgi.wrp-rec.cgifinance.fr\/bateau\/produits\/\"},{\"@type\":\"ListItem\",\"position\":3,\"name\":\"Cr\u00e9dit bateau\"}]},{\"@type\":\"WebSite\",\"@id\":\"https:\/\/credit-cgi.wrp-rec.cgifinance.fr\/bateau\/#website\",\"url\":\"https:\/\/credit-cgi.wrp-rec.cgifinance.fr\/bateau\/\",\"name\":\"CGI Finance - Bateau\",\"description\":\"Un site utilisant Les sites de CGI Finance\",\"potentialAction\":[{\"@type\":\"SearchAction\",\"target\":{\"@type\":\"EntryPoint\",\"urlTemplate\":\"https:\/\/credit-cgi.wrp-rec.cgifinance.fr\/bateau\/?s={search_term_string}\"},\"query-input\":{\"@type\":\"PropertyValueSpecification\",\"valueRequired\":true,\"valueName\":\"search_term_string\"}}],\"inLanguage\":\"fr-FR\"}]}<\/script>\n<!-- \/ Yoast SEO plugin. -->","yoast_head_json":{"title":"Cr\u00e9dit bateau : Le pr\u00eat et financement pour votre bateau de plaisance","description":"D\u00e9couvrez comment obtenir un cr\u00e9dit bateau adapt\u00e9 \u00e0 l'achat de votre bateau de plaisance. Trouvez les meilleures options de financement pour r\u00e9aliser votre r\u00eave en mer","robots":{"index":"noindex","follow":"follow"},"og_locale":"fr_FR","og_type":"article","og_title":"Cr\u00e9dit bateau : Le pr\u00eat et financement pour votre bateau de plaisance","og_description":"D\u00e9couvrez comment obtenir un cr\u00e9dit bateau adapt\u00e9 \u00e0 l'achat de votre bateau de plaisance. Trouvez les meilleures options de financement pour r\u00e9aliser votre r\u00eave en mer","og_url":"https:\/\/credit-cgi.wrp-rec.cgifinance.fr\/bateau\/fr\/produits\/credit\/","og_site_name":"CGI Finance - Bateau","article_modified_time":"2023-06-22T12:13:25+00:00","twitter_card":"summary_large_image","schema":{"@context":"https:\/\/schema.org","@graph":[{"@type":"WebPage","@id":"https:\/\/credit-cgi.wrp-rec.cgifinance.fr\/bateau\/fr\/produits\/credit\/","url":"https:\/\/credit-cgi.wrp-rec.cgifinance.fr\/bateau\/fr\/produits\/credit\/","name":"Cr\u00e9dit bateau : Le pr\u00eat et financement pour votre bateau de plaisance","isPartOf":{"@id":"https:\/\/credit-cgi.wrp-rec.cgifinance.fr\/bateau\/#website"},"datePublished":"2021-11-30T11:30:37+00:00","dateModified":"2023-06-22T12:13:25+00:00","description":"D\u00e9couvrez comment obtenir un cr\u00e9dit bateau adapt\u00e9 \u00e0 l'achat de votre bateau de plaisance. Trouvez les meilleures options de financement pour r\u00e9aliser votre r\u00eave en mer","breadcrumb":{"@id":"https:\/\/credit-cgi.wrp-rec.cgifinance.fr\/bateau\/fr\/produits\/credit\/#breadcrumb"},"inLanguage":"fr-FR","potentialAction":[{"@type":"ReadAction","target":["https:\/\/credit-cgi.wrp-rec.cgifinance.fr\/bateau\/fr\/produits\/credit\/"]}]},{"@type":"BreadcrumbList","@id":"https:\/\/credit-cgi.wrp-rec.cgifinance.fr\/bateau\/fr\/produits\/credit\/#breadcrumb","itemListElement":[{"@type":"ListItem","position":1,"name":"CGI Finance Bateau","item":"https:\/\/credit-cgi.wrp-rec.cgifinance.fr\/bateau\/fr\/"},{"@type":"ListItem","position":2,"name":"Produits","item":"https:\/\/credit-cgi.wrp-rec.cgifinance.fr\/bateau\/produits\/"},{"@type":"ListItem","position":3,"name":"Cr\u00e9dit bateau"}]},{"@type":"WebSite","@id":"https:\/\/credit-cgi.wrp-rec.cgifinance.fr\/bateau\/#website","url":"https:\/\/credit-cgi.wrp-rec.cgifinance.fr\/bateau\/","name":"CGI Finance - Bateau","description":"Un site utilisant Les sites de CGI Finance","potentialAction":[{"@type":"SearchAction","target":{"@type":"EntryPoint","urlTemplate":"https:\/\/credit-cgi.wrp-rec.cgifinance.fr\/bateau\/?s={search_term_string}"},"query-input":{"@type":"PropertyValueSpecification","valueRequired":true,"valueName":"search_term_string"}}],"inLanguage":"fr-FR"}]}},"_links":{"self":[{"href":"https:\/\/credit-cgi.wrp-rec.cgifinance.fr\/bateau\/wp-json\/wp\/v2\/product\/63","targetHints":{"allow":["GET"]}}],"collection":[{"href":"https:\/\/credit-cgi.wrp-rec.cgifinance.fr\/bateau\/wp-json\/wp\/v2\/product"}],"about":[{"href":"https:\/\/credit-cgi.wrp-rec.cgifinance.fr\/bateau\/wp-json\/wp\/v2\/types\/product"}],"wp:attachment":[{"href":"https:\/\/credit-cgi.wrp-rec.cgifinance.fr\/bateau\/wp-json\/wp\/v2\/media?parent=63"}],"wp:term":[{"taxonomy":"product_cat","embeddable":true,"href":"https:\/\/credit-cgi.wrp-rec.cgifinance.fr\/bateau\/wp-json\/wp\/v2\/product_cat?post=63"}],"curies":[{"name":"wp","href":"https:\/\/api.w.org\/{rel}","templated":true}]}}