{"id":1973,"date":"2022-02-17T16:27:34","date_gmt":"2022-02-17T15:27:34","guid":{"rendered":"https:\/\/credit-cgi.wrp-rec.cgifinance.fr\/bateau\/?page_id=1973"},"modified":"2022-02-17T16:36:40","modified_gmt":"2022-02-17T15:36:40","slug":"cookies-de","status":"publish","type":"page","link":"https:\/\/credit-cgi.wrp-rec.cgifinance.fr\/bateau\/de\/cookies-de\/","title":{"rendered":"Cookies DE"},"content":{"rendered":"<p>Wir k\u00f6nnen \u201eCookies\u201c auf Ihrem Computer ablegen.<\/p>\n\n\n\n<p>Mithilfe der auf Ihrem Computer gespeicherten Cookies k\u00f6nnen Ihre indirekten personenbezogenen Daten (IP-Adresse) auch zu statistischen Zwecken sowie zur Nachverfolgung und Steuerung Ihrer Navigation gesammelt werden.<\/p>\n\n\n\n<p><strong>Was ist ein Cookie?<\/strong><\/p>\n\n\n\n<p>Ein Cookie ist eine Textdatei, die bei Aufrufen der aktuellen Website in Ihrem Browser an einem daf\u00fcr vorgesehenen Ort auf der Festplatte Ihres Endger\u00e4tes* gespeichert wird. Mithilfe der Cookie-Datei kann der Sender das Endger\u00e4t, in dem der Cookie gespeichert wurde, w\u00e4hrend der Geltungs- oder Aufzeichnungsdauer des besagten Cookies identifizieren. Auch k\u00f6nnen Informationen zu Ihrem Navigationsverhalten auf unserer Website gespeichert (Seiten, die Sie besucht haben, von Ihnen angeklickte Links oder Werbeanzeigen, Datum und Uhrzeit des Besuchs, Ihre IP-Adresse usw.) und Ihnen personalisierte Dienstleistungen angeboten werden.<br>*Das Endger\u00e4t bezeichnet die Hardware (Computer, Tablet, Smartphone usw.), die zum Aufruf oder zur Anzeige der aktuellen Website verwendet wird.<\/p>\n\n\n\n<p>Von cgi-finance.de verwendete Cookies<br>Diese Website verwendet folgende Cookies:<\/p>\n\n\n\n<ul class=\"wp-block-list\"><li>Sogenannte technische Cookies oder Funktions-Cookies. Diese Cookies optimieren die Funktionsweise und geben Ihnen Zugang zu speziellen Funktionen. Mit ihnen k\u00f6nnen Sie auch die Darstellung unserer Website an Ihre bevorzugten Bildschirmeinstellungen auf Ihrem Endger\u00e4t anpassen. Diese Cookies erm\u00f6glichen also eine reibungslose und ma\u00dfgeschneiderte Navigation. Das Hinterlegen von Cookies auf Ihrem Endger\u00e4t ist die einfachste und schnellste Art, Ihre Nutzererfahrung zu verbessern und individuell zu gestalten.<\/li><li>Analyse- und Statistik-Cookies. Die Cookies dienen rein statistischen Zwecken und messen die Besucherzahlen, die H\u00e4ufigkeit Ihrer Besuche der Website und die von Ihnen besuchten Seiten. Mit diesen Informationen k\u00f6nnen wir das Nutzungsverhalten unserer Besucher besser nachvollziehen und unsere Website ihren Bed\u00fcrfnissen entsprechend verbessern. Die Cookies stammen von Google Analytics.<\/li><li>Geteilte Cookies (Schaltfl\u00e4chen f\u00fcr die \u201eTeilen\u201c-Funktion in sozialen Netzwerken: Twitter, YouTube usw.). Unsere Website enth\u00e4lt Freigabelinks zu sozialen Netzwerken, \u00fcber die Sie Inhalte unserer Website mit anderen Menschen teilen k\u00f6nnen. Wenn Sie diese Freigabelinks verwenden, wird ein Cookie von Drittanbietern hinterlegt. Wenn Sie w\u00e4hrend des Besuches unserer Website in sozialen Netzwerken angemeldet sind, verbinden die Schaltfl\u00e4chen f\u00fcr die \u201eTeilen\u201c-Funktion die angezeigten Inhalte mit Ihrem Nutzerkonto. Wir bitten Sie, die Datenschutzbestimmungen dieser sozialen Netzwerke durchzulesen, um die Verwendungs- und insbesondere Werbezwecke sowie die Navigationsdaten, die mithilfe dieser Schaltfl\u00e4chen gesammelt werden k\u00f6nnen, zur Kenntnis zu nehmen.<\/li><\/ul>\n\n\n\n<p><strong>Cookies von Dritten<\/strong><br>Das Senden und die Nutzung von Cookies von Dritten f\u00e4llt unter die Cookie-Bestimmungen dieser Drittanbieter. Wir informieren Sie \u00fcber das Ziel der uns bekannten Cookies und Ihre M\u00f6glichkeiten, Entscheidungen \u00fcber die Verwendung von Cookies zu treffen.<\/p>\n\n\n\n<p><strong>Deaktivierung von Cookies<\/strong><br>Sie haben die M\u00f6glichkeit, Cookies zu deaktivieren. Hierzu reicht es, wenn Sie Ihre Browsereinstellungen folgenderma\u00dfen \u00e4ndern:<\/p>\n\n\n\n<p><strong>Wenn Sie Internet Explorer nutzen:<\/strong><br>Gehen Sie in Men\u00fc &gt; Internetoptionen.<br>Klicken Sie auf \u201eDatenschutz\u201c.<br>Klicken Sie auf die Schaltfl\u00e4che \u201eErweitert\u201c, entfernen Sie das H\u00e4kchen bei \u201eSitzungscookies immer zulassen\u201c.<\/p>\n\n\n\n<p><strong>Wenn Sie Firefox nutzen:<\/strong><br>Klicken Sie oben im Fenster des Firefox auf die Firefox-Schaltfl\u00e4che (Men\u00fc \u201eEinstellungen\u201c in Windows XP), w\u00e4hlen Sie dann \u201eEinstellungen\u201c.<br>W\u00e4hlen Sie das Feld \u201eDatenschutz\u201c aus.<br>Stellen Sie die Speicherbestimmunen ein: \u201eChronik nach benutzerdefinierten Einstellungen anlegen\u201c.<br>Das H\u00e4kchen bei \u201eCookies akzeptieren\u201c entfernen.<\/p>\n\n\n\n<p><strong>Wenn Sie Google Chrome nutzen:<\/strong><br>Klicken Sie auf das Icon mit dem Schraubenschl\u00fcssel, das sich in der Men\u00fcleiste des Browsers befindet.<br>W\u00e4hlen Sie \u201eEinstellungen\u201c.<br>Klicken Sie auf \u201eErweiterte Einstellungen\u201c.<br>Klicken Sie unter \u201eDatenschutz\u201c auf die Schaltfl\u00e4che \u201eInhaltseinstellungen\u201c.<br>Unter \u201eCookies\u201c k\u00f6nnen Sie Cookies und Daten von Websites Dritter blockieren.<\/p>\n\n\n\n<p><strong>Wenn Sie Safari nutzen:<\/strong><br>Gehen Sie in Einstellungen &gt; Pr\u00e4ferenzen<br>Klicken Sie auf \u201eDatenschutz\u201c.<br>Klicken Sie bei \u201eCookies blockieren\u201c auf \u201eImmer\u201c<\/p>\n\n\n\n<p>Wenn Sie Opera nutzen:<br>Gehen Sie in Einstellungen &gt; Pr\u00e4ferenzen<br>Klicken Sie auf \u201eErweiterte Einstellungen\u201c.<br>Klicken Sie bei \u201eCookies\u201c auf \u201eCookies nie zulassen\u201c.<\/p>\n\n\n\n<p>Sie k\u00f6nnen Ihren Browser auch so einstellen, dass er, wenn Cookies auf Ihrem Computer hinterlegt werden, Sie fragt, ob Sie damit einverstanden sind.<\/p>\n\n\n\n<p>Wir m\u00f6chten Sie darauf hinweisen, dass die Einstellungen die Zugangsvoraussetzungen zu unseren Diensten, f\u00fcr die eine Verwendung von Cookies erforderlich ist, ver\u00e4ndern k\u00f6nnen.<\/p>\n\n\n","protected":false},"excerpt":{"rendered":"<p>Wir k\u00f6nnen \u201eCookies\u201c auf Ihrem Computer ablegen. Mithilfe der auf Ihrem Computer gespeicherten Cookies k\u00f6nnen Ihre indirekten personenbezogenen Daten (IP-Adresse) auch zu statistischen Zwecken sowie zur Nachverfolgung und Steuerung Ihrer Navigation gesammelt werden. Was ist ein Cookie? Ein Cookie ist eine Textdatei, die bei Aufrufen der aktuellen Website in Ihrem Browser an einem daf\u00fcr vorgesehenen [&hellip;]<\/p>\n","protected":false},"author":1,"featured_media":0,"parent":0,"menu_order":0,"comment_status":"closed","ping_status":"closed","template":"","meta":{"footnotes":""},"class_list":["post-1973","page","type-page","status-publish","hentry"],"acf":[],"yoast_head":"<!-- This site is optimized with the Yoast SEO plugin v26.9 - https:\/\/yoast.com\/product\/yoast-seo-wordpress\/ -->\n<title>Cookies DE &#060; CGI Finance - Bateau<\/title>\n<meta name=\"robots\" content=\"noindex, follow\" \/>\n<meta property=\"og:locale\" content=\"fr_FR\" \/>\n<meta property=\"og:type\" content=\"article\" \/>\n<meta property=\"og:title\" content=\"Cookies DE &#060; CGI Finance - Bateau\" \/>\n<meta property=\"og:description\" content=\"Wir k\u00f6nnen \u201eCookies\u201c auf Ihrem Computer ablegen. Mithilfe der auf Ihrem Computer gespeicherten Cookies k\u00f6nnen Ihre indirekten personenbezogenen Daten (IP-Adresse) auch zu statistischen Zwecken sowie zur Nachverfolgung und Steuerung Ihrer Navigation gesammelt werden. Was ist ein Cookie? Ein Cookie ist eine Textdatei, die bei Aufrufen der aktuellen Website in Ihrem Browser an einem daf\u00fcr vorgesehenen [&hellip;]\" \/>\n<meta property=\"og:url\" content=\"https:\/\/credit-cgi.wrp-rec.cgifinance.fr\/bateau\/de\/cookies-de\/\" \/>\n<meta property=\"og:site_name\" content=\"CGI Finance - Bateau\" \/>\n<meta property=\"article:modified_time\" content=\"2022-02-17T15:36:40+00:00\" \/>\n<meta name=\"twitter:card\" content=\"summary_large_image\" \/>\n<meta name=\"twitter:label1\" content=\"Dur\u00e9e de lecture estim\u00e9e\" \/>\n\t<meta name=\"twitter:data1\" content=\"4 minutes\" \/>\n<script type=\"application\/ld+json\" class=\"yoast-schema-graph\">{\"@context\":\"https:\/\/schema.org\",\"@graph\":[{\"@type\":\"WebPage\",\"@id\":\"https:\/\/credit-cgi.wrp-rec.cgifinance.fr\/bateau\/de\/cookies-de\/\",\"url\":\"https:\/\/credit-cgi.wrp-rec.cgifinance.fr\/bateau\/de\/cookies-de\/\",\"name\":\"Cookies DE &#060; CGI Finance - Bateau\",\"isPartOf\":{\"@id\":\"https:\/\/credit-cgi.wrp-rec.cgifinance.fr\/bateau\/#website\"},\"datePublished\":\"2022-02-17T15:27:34+00:00\",\"dateModified\":\"2022-02-17T15:36:40+00:00\",\"breadcrumb\":{\"@id\":\"https:\/\/credit-cgi.wrp-rec.cgifinance.fr\/bateau\/de\/cookies-de\/#breadcrumb\"},\"inLanguage\":\"fr-FR\",\"potentialAction\":[{\"@type\":\"ReadAction\",\"target\":[\"https:\/\/credit-cgi.wrp-rec.cgifinance.fr\/bateau\/de\/cookies-de\/\"]}]},{\"@type\":\"BreadcrumbList\",\"@id\":\"https:\/\/credit-cgi.wrp-rec.cgifinance.fr\/bateau\/de\/cookies-de\/#breadcrumb\",\"itemListElement\":[{\"@type\":\"ListItem\",\"position\":1,\"name\":\"CGI Finance Bateau\",\"item\":\"https:\/\/credit-cgi.wrp-rec.cgifinance.fr\/bateau\/fr\/\"},{\"@type\":\"ListItem\",\"position\":2,\"name\":\"Cookies DE\"}]},{\"@type\":\"WebSite\",\"@id\":\"https:\/\/credit-cgi.wrp-rec.cgifinance.fr\/bateau\/#website\",\"url\":\"https:\/\/credit-cgi.wrp-rec.cgifinance.fr\/bateau\/\",\"name\":\"CGI Finance - Bateau\",\"description\":\"Un site utilisant Les sites de CGI Finance\",\"potentialAction\":[{\"@type\":\"SearchAction\",\"target\":{\"@type\":\"EntryPoint\",\"urlTemplate\":\"https:\/\/credit-cgi.wrp-rec.cgifinance.fr\/bateau\/?s={search_term_string}\"},\"query-input\":{\"@type\":\"PropertyValueSpecification\",\"valueRequired\":true,\"valueName\":\"search_term_string\"}}],\"inLanguage\":\"fr-FR\"}]}<\/script>\n<!-- \/ Yoast SEO plugin. -->","yoast_head_json":{"title":"Cookies DE &#060; CGI Finance - Bateau","robots":{"index":"noindex","follow":"follow"},"og_locale":"fr_FR","og_type":"article","og_title":"Cookies DE &#060; CGI Finance - Bateau","og_description":"Wir k\u00f6nnen \u201eCookies\u201c auf Ihrem Computer ablegen. Mithilfe der auf Ihrem Computer gespeicherten Cookies k\u00f6nnen Ihre indirekten personenbezogenen Daten (IP-Adresse) auch zu statistischen Zwecken sowie zur Nachverfolgung und Steuerung Ihrer Navigation gesammelt werden. Was ist ein Cookie? Ein Cookie ist eine Textdatei, die bei Aufrufen der aktuellen Website in Ihrem Browser an einem daf\u00fcr vorgesehenen [&hellip;]","og_url":"https:\/\/credit-cgi.wrp-rec.cgifinance.fr\/bateau\/de\/cookies-de\/","og_site_name":"CGI Finance - Bateau","article_modified_time":"2022-02-17T15:36:40+00:00","twitter_card":"summary_large_image","twitter_misc":{"Dur\u00e9e de lecture estim\u00e9e":"4 minutes"},"schema":{"@context":"https:\/\/schema.org","@graph":[{"@type":"WebPage","@id":"https:\/\/credit-cgi.wrp-rec.cgifinance.fr\/bateau\/de\/cookies-de\/","url":"https:\/\/credit-cgi.wrp-rec.cgifinance.fr\/bateau\/de\/cookies-de\/","name":"Cookies DE &#060; CGI Finance - Bateau","isPartOf":{"@id":"https:\/\/credit-cgi.wrp-rec.cgifinance.fr\/bateau\/#website"},"datePublished":"2022-02-17T15:27:34+00:00","dateModified":"2022-02-17T15:36:40+00:00","breadcrumb":{"@id":"https:\/\/credit-cgi.wrp-rec.cgifinance.fr\/bateau\/de\/cookies-de\/#breadcrumb"},"inLanguage":"fr-FR","potentialAction":[{"@type":"ReadAction","target":["https:\/\/credit-cgi.wrp-rec.cgifinance.fr\/bateau\/de\/cookies-de\/"]}]},{"@type":"BreadcrumbList","@id":"https:\/\/credit-cgi.wrp-rec.cgifinance.fr\/bateau\/de\/cookies-de\/#breadcrumb","itemListElement":[{"@type":"ListItem","position":1,"name":"CGI Finance Bateau","item":"https:\/\/credit-cgi.wrp-rec.cgifinance.fr\/bateau\/fr\/"},{"@type":"ListItem","position":2,"name":"Cookies DE"}]},{"@type":"WebSite","@id":"https:\/\/credit-cgi.wrp-rec.cgifinance.fr\/bateau\/#website","url":"https:\/\/credit-cgi.wrp-rec.cgifinance.fr\/bateau\/","name":"CGI Finance - Bateau","description":"Un site utilisant Les sites de CGI Finance","potentialAction":[{"@type":"SearchAction","target":{"@type":"EntryPoint","urlTemplate":"https:\/\/credit-cgi.wrp-rec.cgifinance.fr\/bateau\/?s={search_term_string}"},"query-input":{"@type":"PropertyValueSpecification","valueRequired":true,"valueName":"search_term_string"}}],"inLanguage":"fr-FR"}]}},"_links":{"self":[{"href":"https:\/\/credit-cgi.wrp-rec.cgifinance.fr\/bateau\/wp-json\/wp\/v2\/pages\/1973","targetHints":{"allow":["GET"]}}],"collection":[{"href":"https:\/\/credit-cgi.wrp-rec.cgifinance.fr\/bateau\/wp-json\/wp\/v2\/pages"}],"about":[{"href":"https:\/\/credit-cgi.wrp-rec.cgifinance.fr\/bateau\/wp-json\/wp\/v2\/types\/page"}],"author":[{"embeddable":true,"href":"https:\/\/credit-cgi.wrp-rec.cgifinance.fr\/bateau\/wp-json\/wp\/v2\/users\/1"}],"replies":[{"embeddable":true,"href":"https:\/\/credit-cgi.wrp-rec.cgifinance.fr\/bateau\/wp-json\/wp\/v2\/comments?post=1973"}],"version-history":[{"count":0,"href":"https:\/\/credit-cgi.wrp-rec.cgifinance.fr\/bateau\/wp-json\/wp\/v2\/pages\/1973\/revisions"}],"wp:attachment":[{"href":"https:\/\/credit-cgi.wrp-rec.cgifinance.fr\/bateau\/wp-json\/wp\/v2\/media?parent=1973"}],"curies":[{"name":"wp","href":"https:\/\/api.w.org\/{rel}","templated":true}]}}