{"id":1965,"date":"2022-02-17T16:17:33","date_gmt":"2022-02-17T15:17:33","guid":{"rendered":"https:\/\/credit-cgi.wrp-rec.cgifinance.fr\/bateau\/?page_id=1965"},"modified":"2022-02-17T16:37:04","modified_gmt":"2022-02-17T15:37:04","slug":"cookies-it","status":"publish","type":"page","link":"https:\/\/credit-cgi.wrp-rec.cgifinance.fr\/bateau\/it\/cookies-it\/","title":{"rendered":"Cookies IT"},"content":{"rendered":"<p>Possiamo essere portati a installare dei cookie nel tuo computer.<br>Grazie ai cookie installati, \u00e8 possibile raccogliere dati indirettamente nominativi che ti riguardano (indirizzo IP) a fini statistici, di monitoraggio e gestione della tua navigazione.<\/p>\n\n\n\n<p><strong>Cos\u2019\u00e8 un cookie?<\/strong><br>Un cookie \u00e8 un file di testo che pu\u00f2 essere registrato in uno spazio dedicato dell\u2019hard disk del tuo dispositivo*, durante la consultazione di questo sito mediante il tuo browser. Un file cookie consente a chi lo emette di identificare il dispositivo in cui \u00e8 registrato, per tutta la durata della sua validit\u00e0 o della sua registrazione. Permette anche di registrare informazioni relative alla tua navigazione sul nostro sito (le pagine che hai consultato, i link o le pubblicit\u00e0 su cui hai cliccato, la data e l\u2019ora della consultazione, il tuo indirizzo IP, ecc.) e di sottoporre alla tua attenzione dei servizi personalizzati.<\/p>\n\n\n\n<ul class=\"wp-block-list\"><li>Con il termine \u201cdispositivo\u201d si fa riferimento all\u2019attrezzatura materiale (computer, tablet, smartphone, ecc.) utilizzata per consultare o visualizzare questo sito.<\/li><\/ul>\n\n\n\n<p><strong>I cookie utilizzati da cgi-finance.it<\/strong><br>Questo sito utilizza i tipi di cookie seguenti:<\/p>\n\n\n\n<ul class=\"wp-block-list\"><li>Cookie tecnici o funzionali. Consentono di ottimizzare il funzionamento del sito e di farti accedere a funzionalit\u00e0 specifiche. Ti consentono anche di adattare la presentazione del nostro sito alle preferenze di visualizzazione del tuo dispositivo. In tal modo, puoi usufruire di una navigazione fluida e su misura. Installare i cookie sul tuo dispositivo \u00e8 il mezzo pi\u00f9 semplice e rapido per personalizzare e migliorare la tua \u201cesperienza utente\u201d.<\/li><li>Cookie analitici. Hanno fini puramente statistici e consentono di misurare l\u2019audience del sito, di rilevare le pagine che visiti e la tua frequenza di passaggio su questo sito. In questo modo, possiamo conoscere le abitudini di utilizzo dei nostri visitatori e adeguare il sito per soddisfare al meglio le loro esigenze. Si tratta di cookie provenienti da Google Analytics.<\/li><li>Cookie di condivisione (pulsanti applicativi di condivisione sui social network: Twitter, YouTube, ecc.). Sul nostro sito sono presenti dei link di condivisione sui social network. Mediante questi link, puoi condividere i contenuti del nostro sito con altre persone. Quando utilizzi questi pulsanti, viene installato un cookie di terze parti. Se durante la navigazione sul nostro sito sei connesso a un social, i pulsanti di condivisione consentono di collegare i contenuti consultati al tuo account. Ti invitiamo a consultare le politiche di tutela della privacy dei social network per conoscere le finalit\u00e0 di utilizzo, in particolare pubblicitarie, e le informazioni di navigazione che tali social possono raccogliere mediante i pulsanti di condivisione.<\/li><\/ul>\n\n\n\n<p><strong>Cookie di terze parti<\/strong><br>L\u2019emissione e l\u2019utilizzo di questi cookie sono soggetti alle \u201cpolitiche sui cookie\u201d di terze parti. Noi ti informiamo sulla finalit\u00e0 dei cookie di cui siamo a conoscenza e dei mezzi a tua disposizione per operare le scelte che riterrai pi\u00f9 opportune al riguardo.<\/p>\n\n\n\n<p><strong>Modalit\u00e0 di disattivazione dei cookie<\/strong><br>Puoi scegliere di disattivare i cookie. Per farlo, ti basta configurare il tuo browser come segue:<\/p>\n\n\n\n<p><strong>Per Internet Explorer:<\/strong><br>Nel menu \u201cStrumenti\u201d, selezionare \u201cOpzioni Internet\u201d.<br>Fare clic sulla scheda \u201cPrivacy\u201d.<br>Fare clic sul pulsante \u201cAvanzate\u201d, selezionare la casella \u201cIgnora la gestione automatica dei cookie\u201d.<\/p>\n\n\n\n<p><strong>Per Firefox:<\/strong><br>Nella parte alta della finestra di Firefox, fare clic sul pulsante Firefox (menu \u201cStrumenti\u201d in Windows XP) quindi, selezionare \u201cOpzioni\u201d.<br>Selezionare \u201cPrivacy\u201d.<br>Impostare le \u201cRegole di conservazione\u201d: utilizzare le impostazioni personalizzate per la cronologia.<br>Deselezionare la casella \u201cAccetta cookie dai siti\u201d.<\/p>\n\n\n\n<p><strong>Per Google Chrome:<\/strong><br>Fare clic sull\u2019icona a forma di rotellina, situata nella barra degli strumenti del navigatore.<br>Selezionare \u201cImpostazioni\u201d.<br>Fare clic su \u201cVisualizza\u201d nelle \u201cImpostazioni avanzate\u201d.<br>Nella sezione \u201cPrivacy\u201d, fare clic sul pulsante \u201cImpostazioni contenuti\u201d.<br>Nella sezione \u201cCookie\u201d, \u00e8 possibile bloccare i cookie e i dati provenienti dai siti di terze parti.<\/p>\n\n\n\n<p>Per Safari:<br>Andare su \u201cImpostazioni\u201d, poi su \u201cPreferenze\u201d.<br>Fare clic sulla sezione \u201cPrivacy\u201d.<br>Nella zona \u201cBlocca cookie\u201d, selezionare la casella \u201csempre\u201d.<\/p>\n\n\n\n<p>Per Opera:<br>Andare su \u201cImpostazioni\u201d, poi su \u201cPreferenze\u201d.<br>Fare clic sulla sezione \u201cAvanzate\u201d.<br>Nella sezione \u201cCookie\u201d, selezionare la casella \u201cNon accettare mai cookie\u201d.<br>Il tuo browser pu\u00f2 anche essere configurato per segnalarti i cookie che sono inseriti nel tuo computer e chiederti se desideri autorizzarne l\u2019installazione o no.<\/p>\n\n\n\n<p>Ti ricordiamo che l\u2019impostazione che sceglierai pu\u00f2 modificare le condizioni di accesso ai servizi di CGL che richiedono l\u2019uso dei cookie<\/p>\n\n\n","protected":false},"excerpt":{"rendered":"<p>Possiamo essere portati a installare dei cookie nel tuo computer.Grazie ai cookie installati, \u00e8 possibile raccogliere dati indirettamente nominativi che ti riguardano (indirizzo IP) a fini statistici, di monitoraggio e gestione della tua navigazione. Cos\u2019\u00e8 un cookie?Un cookie \u00e8 un file di testo che pu\u00f2 essere registrato in uno spazio dedicato dell\u2019hard disk del tuo [&hellip;]<\/p>\n","protected":false},"author":1,"featured_media":0,"parent":0,"menu_order":0,"comment_status":"closed","ping_status":"closed","template":"","meta":{"footnotes":""},"class_list":["post-1965","page","type-page","status-publish","hentry"],"acf":[],"yoast_head":"<!-- This site is optimized with the Yoast SEO plugin v26.9 - https:\/\/yoast.com\/product\/yoast-seo-wordpress\/ -->\n<title>Cookies IT &#060; CGI Finance - Bateau<\/title>\n<meta name=\"robots\" content=\"noindex, follow\" \/>\n<meta property=\"og:locale\" content=\"fr_FR\" \/>\n<meta property=\"og:type\" content=\"article\" \/>\n<meta property=\"og:title\" content=\"Cookies IT &#060; CGI Finance - Bateau\" \/>\n<meta property=\"og:description\" content=\"Possiamo essere portati a installare dei cookie nel tuo computer.Grazie ai cookie installati, \u00e8 possibile raccogliere dati indirettamente nominativi che ti riguardano (indirizzo IP) a fini statistici, di monitoraggio e gestione della tua navigazione. Cos\u2019\u00e8 un cookie?Un cookie \u00e8 un file di testo che pu\u00f2 essere registrato in uno spazio dedicato dell\u2019hard disk del tuo [&hellip;]\" \/>\n<meta property=\"og:url\" content=\"https:\/\/credit-cgi.wrp-rec.cgifinance.fr\/bateau\/it\/cookies-it\/\" \/>\n<meta property=\"og:site_name\" content=\"CGI Finance - Bateau\" \/>\n<meta property=\"article:modified_time\" content=\"2022-02-17T15:37:04+00:00\" \/>\n<meta name=\"twitter:card\" content=\"summary_large_image\" \/>\n<meta name=\"twitter:label1\" content=\"Dur\u00e9e de lecture estim\u00e9e\" \/>\n\t<meta name=\"twitter:data1\" content=\"4 minutes\" \/>\n<script type=\"application\/ld+json\" class=\"yoast-schema-graph\">{\"@context\":\"https:\/\/schema.org\",\"@graph\":[{\"@type\":\"WebPage\",\"@id\":\"https:\/\/credit-cgi.wrp-rec.cgifinance.fr\/bateau\/it\/cookies-it\/\",\"url\":\"https:\/\/credit-cgi.wrp-rec.cgifinance.fr\/bateau\/it\/cookies-it\/\",\"name\":\"Cookies IT &#060; CGI Finance - Bateau\",\"isPartOf\":{\"@id\":\"https:\/\/credit-cgi.wrp-rec.cgifinance.fr\/bateau\/#website\"},\"datePublished\":\"2022-02-17T15:17:33+00:00\",\"dateModified\":\"2022-02-17T15:37:04+00:00\",\"breadcrumb\":{\"@id\":\"https:\/\/credit-cgi.wrp-rec.cgifinance.fr\/bateau\/it\/cookies-it\/#breadcrumb\"},\"inLanguage\":\"fr-FR\",\"potentialAction\":[{\"@type\":\"ReadAction\",\"target\":[\"https:\/\/credit-cgi.wrp-rec.cgifinance.fr\/bateau\/it\/cookies-it\/\"]}]},{\"@type\":\"BreadcrumbList\",\"@id\":\"https:\/\/credit-cgi.wrp-rec.cgifinance.fr\/bateau\/it\/cookies-it\/#breadcrumb\",\"itemListElement\":[{\"@type\":\"ListItem\",\"position\":1,\"name\":\"CGI Finance Bateau\",\"item\":\"https:\/\/credit-cgi.wrp-rec.cgifinance.fr\/bateau\/fr\/\"},{\"@type\":\"ListItem\",\"position\":2,\"name\":\"Cookies IT\"}]},{\"@type\":\"WebSite\",\"@id\":\"https:\/\/credit-cgi.wrp-rec.cgifinance.fr\/bateau\/#website\",\"url\":\"https:\/\/credit-cgi.wrp-rec.cgifinance.fr\/bateau\/\",\"name\":\"CGI Finance - Bateau\",\"description\":\"Un site utilisant Les sites de CGI Finance\",\"potentialAction\":[{\"@type\":\"SearchAction\",\"target\":{\"@type\":\"EntryPoint\",\"urlTemplate\":\"https:\/\/credit-cgi.wrp-rec.cgifinance.fr\/bateau\/?s={search_term_string}\"},\"query-input\":{\"@type\":\"PropertyValueSpecification\",\"valueRequired\":true,\"valueName\":\"search_term_string\"}}],\"inLanguage\":\"fr-FR\"}]}<\/script>\n<!-- \/ Yoast SEO plugin. -->","yoast_head_json":{"title":"Cookies IT &#060; CGI Finance - Bateau","robots":{"index":"noindex","follow":"follow"},"og_locale":"fr_FR","og_type":"article","og_title":"Cookies IT &#060; CGI Finance - Bateau","og_description":"Possiamo essere portati a installare dei cookie nel tuo computer.Grazie ai cookie installati, \u00e8 possibile raccogliere dati indirettamente nominativi che ti riguardano (indirizzo IP) a fini statistici, di monitoraggio e gestione della tua navigazione. Cos\u2019\u00e8 un cookie?Un cookie \u00e8 un file di testo che pu\u00f2 essere registrato in uno spazio dedicato dell\u2019hard disk del tuo [&hellip;]","og_url":"https:\/\/credit-cgi.wrp-rec.cgifinance.fr\/bateau\/it\/cookies-it\/","og_site_name":"CGI Finance - Bateau","article_modified_time":"2022-02-17T15:37:04+00:00","twitter_card":"summary_large_image","twitter_misc":{"Dur\u00e9e de lecture estim\u00e9e":"4 minutes"},"schema":{"@context":"https:\/\/schema.org","@graph":[{"@type":"WebPage","@id":"https:\/\/credit-cgi.wrp-rec.cgifinance.fr\/bateau\/it\/cookies-it\/","url":"https:\/\/credit-cgi.wrp-rec.cgifinance.fr\/bateau\/it\/cookies-it\/","name":"Cookies IT &#060; CGI Finance - Bateau","isPartOf":{"@id":"https:\/\/credit-cgi.wrp-rec.cgifinance.fr\/bateau\/#website"},"datePublished":"2022-02-17T15:17:33+00:00","dateModified":"2022-02-17T15:37:04+00:00","breadcrumb":{"@id":"https:\/\/credit-cgi.wrp-rec.cgifinance.fr\/bateau\/it\/cookies-it\/#breadcrumb"},"inLanguage":"fr-FR","potentialAction":[{"@type":"ReadAction","target":["https:\/\/credit-cgi.wrp-rec.cgifinance.fr\/bateau\/it\/cookies-it\/"]}]},{"@type":"BreadcrumbList","@id":"https:\/\/credit-cgi.wrp-rec.cgifinance.fr\/bateau\/it\/cookies-it\/#breadcrumb","itemListElement":[{"@type":"ListItem","position":1,"name":"CGI Finance Bateau","item":"https:\/\/credit-cgi.wrp-rec.cgifinance.fr\/bateau\/fr\/"},{"@type":"ListItem","position":2,"name":"Cookies IT"}]},{"@type":"WebSite","@id":"https:\/\/credit-cgi.wrp-rec.cgifinance.fr\/bateau\/#website","url":"https:\/\/credit-cgi.wrp-rec.cgifinance.fr\/bateau\/","name":"CGI Finance - Bateau","description":"Un site utilisant Les sites de CGI Finance","potentialAction":[{"@type":"SearchAction","target":{"@type":"EntryPoint","urlTemplate":"https:\/\/credit-cgi.wrp-rec.cgifinance.fr\/bateau\/?s={search_term_string}"},"query-input":{"@type":"PropertyValueSpecification","valueRequired":true,"valueName":"search_term_string"}}],"inLanguage":"fr-FR"}]}},"_links":{"self":[{"href":"https:\/\/credit-cgi.wrp-rec.cgifinance.fr\/bateau\/wp-json\/wp\/v2\/pages\/1965","targetHints":{"allow":["GET"]}}],"collection":[{"href":"https:\/\/credit-cgi.wrp-rec.cgifinance.fr\/bateau\/wp-json\/wp\/v2\/pages"}],"about":[{"href":"https:\/\/credit-cgi.wrp-rec.cgifinance.fr\/bateau\/wp-json\/wp\/v2\/types\/page"}],"author":[{"embeddable":true,"href":"https:\/\/credit-cgi.wrp-rec.cgifinance.fr\/bateau\/wp-json\/wp\/v2\/users\/1"}],"replies":[{"embeddable":true,"href":"https:\/\/credit-cgi.wrp-rec.cgifinance.fr\/bateau\/wp-json\/wp\/v2\/comments?post=1965"}],"version-history":[{"count":0,"href":"https:\/\/credit-cgi.wrp-rec.cgifinance.fr\/bateau\/wp-json\/wp\/v2\/pages\/1965\/revisions"}],"wp:attachment":[{"href":"https:\/\/credit-cgi.wrp-rec.cgifinance.fr\/bateau\/wp-json\/wp\/v2\/media?parent=1965"}],"curies":[{"name":"wp","href":"https:\/\/api.w.org\/{rel}","templated":true}]}}